{"id":66,"date":"2022-05-31T20:28:30","date_gmt":"2022-05-31T20:28:30","guid":{"rendered":"http:\/\/englehunden.com\/pommene\/?page_id=66"},"modified":"2022-05-31T21:03:24","modified_gmt":"2022-05-31T21:03:24","slug":"advarsel","status":"publish","type":"page","link":"https:\/\/englehunden.com\/pommene\/advarsel\/","title":{"rendered":"ADVARSEL"},"content":{"rendered":"<div class=\"\" dir=\"auto\">\n<div class=\"\" dir=\"auto\">\n<div class=\"ecm0bbzt hv4rvrfc ihqw7lf3 dati1w0a\" data-ad-comet-preview=\"message\" data-ad-preview=\"message\">\n<div class=\"j83agx80 cbu4d94t ew0dbk1b irj2b8pg\">\n<div class=\"qzhwtbm6 knvmm38d\">\n<div class=\"kvgmc6g5 cxmmr5t8 oygrvhab hcukyx3x c1et5uql ii04i59q\">\n<h1 dir=\"auto\"><strong>Advarsel fra Tolletaten:<\/strong><\/h1>\n<div dir=\"auto\"><\/div>\n<div dir=\"auto\"><span class=\"pq6dq46d tbxw36s4 knj5qynh kvgmc6g5 ditlmg2l oygrvhab nvdbi5me sf5mxxl7 gl3lb2sf hhz5lgdu\"><img decoding=\"async\" src=\"https:\/\/static.xx.fbcdn.net\/images\/emoji.php\/v9\/t5a\/1\/16\/1f4b0.png\" alt=\"\ud83d\udcb0\" width=\"16\" height=\"16\" \/><\/span> Illegal valpehandel er det tredje mest l\u00f8nnsomme svarteb\u00f8rsmarkedet i EU<\/div>\n<div dir=\"auto\">Illegal valpehandel er et sv\u00e6rt lukrativt svarteb\u00f8rsmarked p\u00e5 grunn av h\u00f8y ettersp\u00f8rsel etter valper blant annet i Norge. Det finnes useri\u00f8se akt\u00f8rer i det europeiske markedet. Disse akt\u00f8rene er gode p\u00e5 \u00e5 fremst\u00e5 som seri\u00f8se og lovlige med profesjonelle nettsider. Prisene er ofte h\u00f8ye, noe som kan gi falsk trygghet. I realiteten driver disse ulovlig og uetisk valpehandel.<\/div>\n<\/div>\n<div class=\"cxmmr5t8 oygrvhab hcukyx3x c1et5uql o9v6fnle ii04i59q\">\n<div dir=\"auto\"><span class=\"pq6dq46d tbxw36s4 knj5qynh kvgmc6g5 ditlmg2l oygrvhab nvdbi5me sf5mxxl7 gl3lb2sf hhz5lgdu\"><img decoding=\"async\" src=\"https:\/\/static.xx.fbcdn.net\/images\/emoji.php\/v9\/tab\/1\/16\/1f630.png\" alt=\"\ud83d\ude30\" width=\"16\" height=\"16\" \/><\/span> Du risikerer \u00e5 st\u00f8tte uetisk hundehold<\/div>\n<div dir=\"auto\">Ved kj\u00f8p av hund fra useri\u00f8s akt\u00f8r risikerer du \u00e5 st\u00f8tte uetisk dyrehold og i verste fall dyremishandling. De useri\u00f8se akt\u00f8rene hemmeligholder og\/eller forfalsker valpenes opphav, og det er ikke mulig \u00e5 bes\u00f8ke oppdretter. Du som kj\u00f8per kan dermed ikke v\u00e6re sikker p\u00e5 at valpens ikke blir utsatt for dyremishandling eller uetisk dyrehold.<\/div>\n<\/div>\n<div class=\"cxmmr5t8 oygrvhab hcukyx3x c1et5uql o9v6fnle ii04i59q\">\n<div dir=\"auto\"><span class=\"pq6dq46d tbxw36s4 knj5qynh kvgmc6g5 ditlmg2l oygrvhab nvdbi5me sf5mxxl7 gl3lb2sf hhz5lgdu\"><img decoding=\"async\" src=\"https:\/\/static.xx.fbcdn.net\/images\/emoji.php\/v9\/t7b\/1\/16\/1f3e5.png\" alt=\"\ud83c\udfe5\" width=\"16\" height=\"16\" \/><\/span> Hunden kan bringe med seg d\u00f8delige sykdommer<\/div>\n<div dir=\"auto\">Useri\u00f8se akt\u00f8rer reklamerer med at hunden leveres ferdig vaksinert og med dokumentasjon p\u00e5 dette. Ved import fra en slik akt\u00f8r risikerer du at dokumentasjonen er forfalsket, og at hunden er uvaksinert. Uvaksinerte hunder kan bringe med seg sykdommer som rabies og revens lille bendelorm. Rabies er hundre prosent d\u00f8delig for mennesker dersom symptomer inntreffer. Revens lille bendelorm er en parasitt som kan f\u00e5 d\u00f8delig utfall for mennesker, og introduksjon til norsk fauna kan f\u00e5 fatale konsekvenser.<\/div>\n<\/div>\n<div class=\"cxmmr5t8 oygrvhab hcukyx3x c1et5uql o9v6fnle ii04i59q\">\n<div dir=\"auto\"><span class=\"pq6dq46d tbxw36s4 knj5qynh kvgmc6g5 ditlmg2l oygrvhab nvdbi5me sf5mxxl7 gl3lb2sf hhz5lgdu\"><img loading=\"lazy\" decoding=\"async\" src=\"https:\/\/static.xx.fbcdn.net\/images\/emoji.php\/v9\/t13\/1\/16\/1f429.png\" alt=\"\ud83d\udc29\" width=\"16\" height=\"16\" \/><\/span> Du risikerer \u00e5 f\u00e5 en annen hund enn bestilt<\/div>\n<div dir=\"auto\">De useri\u00f8se akt\u00f8rene opererer med falske dokumenter, derunder stamtavle. Dersom du importerer hund fra en slik akt\u00f8r risikerer du \u00e5 motta en annen hund enn bestilt. Et typisk eksempel er \u00e5 motta en blandingshund fremfor en renraset hund. Hunden vil b\u00e5de se annerledes ut og ha et annet lynne enn hunden du opprinnelig \u00f8nsket.<\/div>\n<\/div>\n<div class=\"cxmmr5t8 oygrvhab hcukyx3x c1et5uql o9v6fnle ii04i59q\">\n<div dir=\"auto\">Les mer om import av hund fra utlandet her <span class=\"pq6dq46d tbxw36s4 knj5qynh kvgmc6g5 ditlmg2l oygrvhab nvdbi5me sf5mxxl7 gl3lb2sf hhz5lgdu\"><img loading=\"lazy\" decoding=\"async\" src=\"https:\/\/static.xx.fbcdn.net\/images\/emoji.php\/v9\/t4f\/1\/16\/1f447.png\" alt=\"\ud83d\udc47\" width=\"16\" height=\"16\" \/><\/span><\/div>\n<div dir=\"auto\"><a class=\"oajrlxb2 g5ia77u1 qu0x051f esr5mh6w e9989ue4 r7d6kgcz rq0escxv nhd2j8a9 nc684nl6 p7hjln8o kvgmc6g5 cxmmr5t8 oygrvhab hcukyx3x jb3vyjys rz4wbd8a qt6c0cv9 a8nywdso i1ao9s8h esuyzwwr f1sip0of lzcic4wl gpro0wi8 py34i1dx\" tabindex=\"0\" role=\"link\" href=\"https:\/\/www.toll.no\/no\/varer\/dyr\/import-hund-utlandet\/?fbclid=IwAR3qpUZBd8ewoUqImRwdRzy4PVUx1ubnHWT_YR9MsOw60UmZJfzHt46tIaM\" target=\"_blank\" rel=\"nofollow noopener\">https:\/\/www.toll.no\/no\/varer\/dyr\/import-hund-utlandet\/<\/a><\/div>\n<\/div>\n<\/div>\n<\/div>\n<\/div>\n<\/div>\n<\/div>\n","protected":false},"excerpt":{"rendered":"<p>Advarsel fra Tolletaten: Illegal valpehandel er det tredje mest l\u00f8nnsomme svarteb\u00f8rsmarkedet i EU Illegal valpehandel er et sv\u00e6rt<\/p>\n","protected":false},"author":1,"featured_media":0,"parent":0,"menu_order":0,"comment_status":"closed","ping_status":"closed","template":"","meta":{"_coblocks_attr":"","_coblocks_dimensions":"","_coblocks_responsive_height":"","_coblocks_accordion_ie_support":"","footnotes":""},"class_list":["post-66","page","type-page","status-publish","hentry"],"_links":{"self":[{"href":"https:\/\/englehunden.com\/pommene\/wp-json\/wp\/v2\/pages\/66","targetHints":{"allow":["GET"]}}],"collection":[{"href":"https:\/\/englehunden.com\/pommene\/wp-json\/wp\/v2\/pages"}],"about":[{"href":"https:\/\/englehunden.com\/pommene\/wp-json\/wp\/v2\/types\/page"}],"author":[{"embeddable":true,"href":"https:\/\/englehunden.com\/pommene\/wp-json\/wp\/v2\/users\/1"}],"replies":[{"embeddable":true,"href":"https:\/\/englehunden.com\/pommene\/wp-json\/wp\/v2\/comments?post=66"}],"version-history":[{"count":3,"href":"https:\/\/englehunden.com\/pommene\/wp-json\/wp\/v2\/pages\/66\/revisions"}],"predecessor-version":[{"id":70,"href":"https:\/\/englehunden.com\/pommene\/wp-json\/wp\/v2\/pages\/66\/revisions\/70"}],"wp:attachment":[{"href":"https:\/\/englehunden.com\/pommene\/wp-json\/wp\/v2\/media?parent=66"}],"curies":[{"name":"wp","href":"https:\/\/api.w.org\/{rel}","templated":true}]}}