{"id":16,"date":"2020-03-21T23:38:37","date_gmt":"2020-03-21T23:38:37","guid":{"rendered":"http:\/\/englehunden.com\/pommene\/?page_id=16"},"modified":"2022-05-31T19:56:24","modified_gmt":"2022-05-31T19:56:24","slug":"sykdommer","status":"publish","type":"page","link":"https:\/\/englehunden.com\/pommene\/sykdommer\/","title":{"rendered":"Sykdommer"},"content":{"rendered":"\r\n<p><strong>Patella Luxation<\/strong><br \/>(L\u00f8se kneledd)<br \/>En svakhet hvor knesk\u00e5len smetter ut av leddet p\u00e5 det innvendige side av kneet hos sm\u00e5 raser. Dette er normalt en arvelig lidelse, men kan ogs\u00e5 skyldes en skade. Lidelsen starter i valpealderen. Hunden blir da plutselig halt p\u00e5 ene bakbenet. Om det er arvelig betinget, b\u00f8r man ikke avle p\u00e5 pommer med denne svakheten.<br \/>La ikke diagnosen l\u00f8se kneledd avskrekke deg, da hovedparten av pommene med denne lidelsen lever et normalt liv, og hvis svakheten er alvorlig, vil en operasjon ofte l\u00f8se problemet.<\/p>\r\n<p>Graden av patella varierer fra mild, som knapt p\u00e5virker hunden til alvorlig l\u00f8shet, som krever operasjon.<\/p>\r\n<p><span dir=\"ltr\" role=\"presentation\">Unders\u00f8kelse for patellaluksasjon:<\/span><br role=\"presentation\" \/><span dir=\"ltr\" role=\"presentation\">Hunden skal ha oppn\u00e5dd minst 12 m\u00e5neders alder ved unders\u00f8kelsen, og skal ikke v\u00e6re sedert n\u00e5r den unders\u00f8kes.<\/span><br role=\"presentation\" \/><span dir=\"ltr\" role=\"presentation\">Unders\u00f8kelsen skal gj\u00f8res bakfra med hunden st\u00e5ende p\u00e5 et bord. Bakbeinet skal v\u00e6re rett. Kneet kan b\u00f8yes og strekkes noe under <\/span><span dir=\"ltr\" role=\"presentation\">unders\u00f8kelsen innenfor de fysiologiske grensene, men f\u00e5r ikke vris eller overstrekkes. Patella gripes mellom tommel- og pekefinger (flere fingre<\/span><br role=\"presentation\" \/><span dir=\"ltr\" role=\"presentation\">ved behov). Patellas bevegelighet unders\u00f8kes med lett provokasjon lateralt og medialt. Om patella kan f\u00f8res p\u00e5 utsida av en rullekam, alts\u00e5 <\/span><span dir=\"ltr\" role=\"presentation\">utenfor patellarfuren, bed\u00f8mmes den som lukserbar. Dersom patella ligger p\u00e5 plass ved unders\u00f8kelsen, men lukserer spontant n\u00e5r hunden<\/span><br role=\"presentation\" \/><span dir=\"ltr\" role=\"presentation\">beveger seg e.l., bed\u00f8mmes den som grad 1 eller 2 avhengig av \u00f8vrige funn.<\/span><\/p>\r\n<p><span dir=\"ltr\" role=\"presentation\">Grad 0<\/span> <span dir=\"ltr\" role=\"presentation\">Normal (fri for patellaluksasjon)<\/span><\/p>\r\n<p><span dir=\"ltr\" role=\"presentation\">Grad 1<\/span> <span dir=\"ltr\" role=\"presentation\">Patella ligger p\u00e5 plass, men kan lukseres manuelt.<\/span><br role=\"presentation\" \/><span dir=\"ltr\" role=\"presentation\">Den glipper spontant tilbake til normalt leie.<\/span><\/p>\r\n<p><span dir=\"ltr\" role=\"presentation\">Grad 2<\/span> <span dir=\"ltr\" role=\"presentation\">Patella lukseres lett manuelt eller spontant.<\/span><br role=\"presentation\" \/><span dir=\"ltr\" role=\"presentation\">Den er luksert mye av tiden men kan reponeres<\/span><\/p>\r\n<p><span dir=\"ltr\" role=\"presentation\">Grad 3<\/span> <span dir=\"ltr\" role=\"presentation\">Patella er permanent luksert og kan ikke reponeres.<\/span><\/p>\r\n\r\n\r\n\r\n<p><strong>Hypoglycemia<\/strong><br \/>(For lavt blodsukker)<br \/>Hos sm\u00e5 raser, som pomeranian jo tilh\u00f8rer, opptrer ofte et plutselig fall i blodsukkeret. De oppst\u00e5r normalt hos unge valper, men kan ogs\u00e5 skje hos eldre stressede hunder.<br \/>Symptomene er plutselig fall, slapphet og risting, og i sjeldne tilfeller krampeanfall.<br \/>Det kan hjelpes ved \u00e5 gi valpen 1 tsk. sukker i maten hver dag inntil de er ca.9 m\u00e5neder gammel.<\/p>\r\n\r\n\r\n\r\n<p><strong>Hypothyroidisme<\/strong><br \/>(For lavt stoffskifte)<br \/>Dette skyldes for lav produksjon av skjoldbruskkjertel hormonet, som regulerer stoffskiftet. Pommen vil bli sl\u00f8v, f\u00e5 vekt\u00f8kning selv om den spiser mindre, fortykket hud, r\u00f8yting, hvor pelsen gradvis blir tynnere, uregelmessige l\u00f8petider, manglende sexlyst hos hannene er noen av de mest alminnelige symptomer.<br \/>Sykdommen kan behandles medisinsk. Denne behandling er livsvarig, og gir pommen et normalt livsforl\u00f8p.<\/p>\r\n\r\n\r\n\r\n<p><strong>Luftr\u00f8rskollaps<\/strong><br \/>Skyldes at luftr\u00f8ret ikke kan holde seg \u00e5pent under pustingen. Din pom vil f\u00e5 f\u00f8lgende symptomer ved sammenfall av luftr\u00f8ret: T\u00f8rr hostelyd, som kan lyde som om den skal hoste opp en h\u00e5rball. Denne hoste oppst\u00e5r typisk hvis hunden trekker i halsb\u00e5ndet, n\u00e5r den spiser og drikker, eller hvor pommen blir opphisset. Sykdommen rammer oftest hunder over 7 \u00e5r, men kan oppst\u00e5 allerede i valpealderen.<br \/>Lidelsen kan behandles medisinsk.<\/p>\r\n\r\n\r\n\r\n<p><strong>Black Skin Disease(BSD)<\/strong><br \/>(alvorlig h\u00e5rtap syndrom)<br \/>Det finnes to former for alvorlig h\u00e5rtap syndrom.<\/p>\r\n\r\n\r\n\r\n<p>1) Lidelsen kan ramme valper, som normalt begynner \u00e5 f\u00e5 voksenpels i 6 m\u00e5neders alderen. Pommer som har BSD f\u00e5r aldri den voksne pelsen, men taper h\u00e5rene ved 1 \u00bd \u00e5rs alderen. Da faller pelsen av i dotter rundt om bakdelen, hale og baksiden av l\u00e5rene. Huden kan bli sort eller gr\u00e5 og l\u00e6raktig, men utvikler ikke s\u00e5r eller lukter. Valpen er stadig et sundt dyr. Pelsen kan gro ut igjen etter sterilisasjon\/kastrasjon, men det er sjelden. Ellers er det ingen behandling for lidelsen.<\/p>\r\n\r\n\r\n\r\n<p>2) En annen versjon av sykdommen rammer voksne hunder, men med de samme symptomer og forl\u00f8p.<\/p>\r\n\r\n\r\n\r\n<p>N\u00e5r h\u00e5rtapet har skjedd, skal disse pommene behandles med hudpleie. De skal beskyttes mot solbrenthet, og om vinteren er de n\u00f8dt til \u00e5 g\u00e5 med kl\u00e6r.<\/p>\r\n\r\n\r\n\r\n<p>Pommer med BSD m\u00e5 regne med en kortere levetid, og mange d\u00f8r plutselig ved 7-8 \u00e5rs alderen. Amerikanske unders\u00f8kelser peker p\u00e5 at BDS er arvelig.<\/p>\r\n\r\n\r\n\r\n<p>Raseklubben anbefaler at en tar ut av avl synlig syke hunder som ett ledd i bekjempelsen av problemet med Alopecia x\/Bsd.<\/p>\r\n","protected":false},"excerpt":{"rendered":"<p>Patella Luxation(L\u00f8se kneledd)En svakhet hvor knesk\u00e5len smetter ut av leddet p\u00e5 det innvendige side av kneet hos sm\u00e5<\/p>\n","protected":false},"author":1,"featured_media":0,"parent":0,"menu_order":0,"comment_status":"closed","ping_status":"closed","template":"","meta":{"_coblocks_attr":"","_coblocks_dimensions":"","_coblocks_responsive_height":"","_coblocks_accordion_ie_support":"","footnotes":""},"class_list":["post-16","page","type-page","status-publish","hentry"],"_links":{"self":[{"href":"https:\/\/englehunden.com\/pommene\/wp-json\/wp\/v2\/pages\/16","targetHints":{"allow":["GET"]}}],"collection":[{"href":"https:\/\/englehunden.com\/pommene\/wp-json\/wp\/v2\/pages"}],"about":[{"href":"https:\/\/englehunden.com\/pommene\/wp-json\/wp\/v2\/types\/page"}],"author":[{"embeddable":true,"href":"https:\/\/englehunden.com\/pommene\/wp-json\/wp\/v2\/users\/1"}],"replies":[{"embeddable":true,"href":"https:\/\/englehunden.com\/pommene\/wp-json\/wp\/v2\/comments?post=16"}],"version-history":[{"count":9,"href":"https:\/\/englehunden.com\/pommene\/wp-json\/wp\/v2\/pages\/16\/revisions"}],"predecessor-version":[{"id":65,"href":"https:\/\/englehunden.com\/pommene\/wp-json\/wp\/v2\/pages\/16\/revisions\/65"}],"wp:attachment":[{"href":"https:\/\/englehunden.com\/pommene\/wp-json\/wp\/v2\/media?parent=16"}],"curies":[{"name":"wp","href":"https:\/\/api.w.org\/{rel}","templated":true}]}}