{"id":14,"date":"2020-03-21T23:34:08","date_gmt":"2020-03-21T23:34:08","guid":{"rendered":"http:\/\/englehunden.com\/pommene\/?page_id=14"},"modified":"2022-05-31T18:52:48","modified_gmt":"2022-05-31T18:52:48","slug":"tips","status":"publish","type":"page","link":"https:\/\/englehunden.com\/pommene\/tips\/","title":{"rendered":"Tips"},"content":{"rendered":"\r\n<h1><strong>Noen r\u00e5d og tips om rasen Pomeranian<\/strong><\/h1>\r\n<h1><strong>Vasking:<\/strong><br \/>Til \u00e5 vaske hunden skal du bruke en god shampo. En meget bra shampo er Crown Royale.(formula 3)<br \/>Husk \u00e5 skylle pelsen godt. F\u00e5 ut alle s\u00e5perester. T\u00f8rk den godt. Bruk helst en h\u00e5rf\u00f8ner, men pass p\u00e5 at du ikke brenner hunden om f\u00f8neren bl\u00e5ser varm luft.<br \/>Vask den n\u00e5r du kjenner at det begynner \u00e5 lukte hund eller at den er m\u00f8kkete. Ellers s\u00e5 rekker det med 2-3 m\u00e5neders mellomrom.<\/h1>\r\n\r\n\r\n\r\n<h1><strong>Pelsen:<\/strong><br \/>Pommen\u00b4s pels best\u00e5r av to h\u00e5rlag, underull og dekkpels. Fra f\u00f8dselen har den en valpepels som den skifter n\u00e5r valpen er ca. 4 til 6 m\u00e5neder gammel. Men det kan ogs\u00e5 ta opp til et \u00e5r f\u00f8r den har f\u00e5tt sin voksenpels. I noen tilfeller s\u00e5 kan det ogs\u00e5 g\u00e5 opp mot 3 \u00e5r f\u00f8r en bra pels er klar. I den tiden hunden skifter pels, kan den se veldig pjuskete ut.<br \/>Den skal b\u00f8rstes godt igjennom minst 1 gang i uken. Da b\u00f8rster du pelsen hele veien fra rot til tupp. Dette for \u00e5 unng\u00e5 floker. Du skal b\u00f8rste pelsen forover mot hodet. B\u00f8rst godt p\u00e5 baksiden av \u00f8rene og bak p\u00e5 halen og rundt anal\u00e5pningen. Bruk en god b\u00f8rste. Mens den er en valp s\u00e5 kan du bruke en karde. Men denne kan \u00f8delegge pelsen hos en voksen.Til en voksen anbefales en Mason Pearson b\u00f8rste(natur\/nylon) lommest\u00f8rrelse. Bruk gjerne ett bord til \u00e5 stelle den p\u00e5 om den skal brukes som en utstillingshund. Om den er bare til kos s\u00e5 legg den i fanget.<\/h1>\r\n\r\n\r\n\r\n<h1><strong>Tenner:<\/strong><br \/>Valpetennene skifter den n\u00e5r den er 4-6 m\u00e5neder. Pass p\u00e5 at den ikke f\u00e5r dobbel tannrekke. Om noen tenner sitter igjen kan dette skade eller gj\u00f8re at de nye tennene blir skjeve. Sitter det valpetenner igjen s\u00e5 kontakt dyrlegen. La det ikke g\u00e5 lengre enn til at valpen er ca. 7 m\u00e5neder.<br \/>Ett godt r\u00e5d er \u00e5 b\u00f8rste tennene ofte. Tannpasta og b\u00f8rste f\u00e5r du kj\u00f8pt i de fleste dyrebutikker og hos noen apotek.<br \/>Bruk ett bord n\u00e5r du steller tennene p\u00e5 hunden p\u00e5. Da l\u00e6rer den seg at det ikke er farlig, og det blir bedre for en dyrlege \u00e5 unders\u00f8ke den. Og ogs\u00e5 for en dommer p\u00e5 utstilling \u00e5 titte p\u00e5 tennene. La gjerne andre se p\u00e5 tennene ogs\u00e5.<\/h1>\r\n\r\n\r\n\r\n<h1><strong>Oppdragelse:<\/strong><br \/>En valp p\u00e5 8 uker har intelligensen til et barn p\u00e5 ca. 2 \u00e5r. Det er derfor n\u00f8dvendig \u00e5 oppdra valpen fra du f\u00e5r den i hus. En Pomeranian er veldig l\u00e6revillig, den vil gj\u00f8re alt for \u00e5 f\u00e5 en godbit. Den er ingen \u201dallemannshund\u201d og den knytter seg sterkt til sin familie.<\/h1>\r\n\r\n\r\n\r\n<h1><strong>Vaksiner:<\/strong><br \/>Hold hunden vaksinert. F\u00f8rste vaksine f\u00e5r valpen n\u00e5r den er 12 uker gammel. Ny vaksine n\u00e5r den er 16 uker. Revaksineres da etter 1 \u00e5r. Om du skal ha den med deg til andre land enn Sverige s\u00e5 m\u00e5 den rabiesvaksineres. Dette tar noen m\u00e5neder s\u00e5 beregn deg god tid til vaksineringen. Man tar 2 vaksiner med 1 m\u00e5neds opphold. Deretter skal det g\u00e5 minst 120 dager f\u00f8r man tar en blodpr\u00f8ve. Denne skal analyseres og tar ca.2-4 uker. Tenk ogs\u00e5 p\u00e5 at det ikke er alltid at rabiesvaksinen fungerer p\u00e5 f\u00f8rste fors\u00f8k og at man da m\u00e5 vaksinere p\u00e5 nytt og ta ny blodpr\u00f8ve. Unders\u00f8k landets regler om vaksiner i god tid f\u00f8r du skal dra.<br \/>Skal du til Sverige, s\u00e5 m\u00e5 hunden f\u00e5 en vaksine mot revens dvergbendelorm f\u00f8r du skal inn igjen til Norge. Denne m\u00e5 tas hos en dyrlege i Sverige minst 24 timer, og ikke lengre enn 5 d\u00f8gn, f\u00f8r man skal inn i Norge igjen. Kuren skal f\u00f8res inn i passet til hunden. Er man ofte over grensa med hund, s\u00e5 kan man g\u00e5 til norsk vetrin\u00e6r f\u00f8r man drar. Da m\u00e5 man ta 2 tabletter med minst 24 timers mellomrom. Disse skal ogs\u00e5 f\u00f8res inn i passet. Da kan man kj\u00f8re s\u00e5 mye man vil over grensa i 28 dager. Men f\u00f8r det har g\u00e5tt 28 dager, s\u00e5 m\u00e5 en ny tablett gis hos vetrin\u00e6ren. Skal man ikke over flere ganger, s\u00e5 avsluttes kuren med en tablett hos vetrin\u00e6ren.<\/h1>\r\n\r\n\r\n\r\n<h1><strong>Forsikring:<\/strong><br \/>Det er meget lurt \u00e5 forsikre hunden sin. Kontakt ditt forsikrings-selskap for ett tilbud. NKK har ett samarbeide med Agria forsikring. De har forskjellige pakker som du kan velge mellom.<\/h1>\r\n\r\n\r\n\r\n<h1><strong>Nyttig:<\/strong><br \/>L\u00e6r den \u00e5 komme n\u00e5r du roper. \u00c5 v\u00e6re hjemme alene. G\u00e5 pent i b\u00e5nd. L\u00e6r den hva den f\u00e5r lov og ikke f\u00e5r lov til. Oppdra den slik du oppdrar ett barn eller en stor rase. La deg ikke lure av det s\u00f8te utseende. Den har en sterk vilje og utnytter gjerne eierens svake punkt.<br \/>Det er ogs\u00e5 lurt \u00e5 l\u00e6re den til \u00e5 v\u00e6re i bur, i tilfelle vetrin\u00e6rbes\u00f8k. <br \/>I bilen er ett helsveiset bur den beste beskyttelsen.<\/h1>\r\n\r\n\r\n\r\n<p>&nbsp;<\/p>\r\n\r\n\r\n\r\n<h1><strong>Hva den kan spise:<\/strong><\/h1>\r\n\r\n\r\n\r\n<p><strong>Kj\u00f8tt<\/strong><br \/>Alle typer kj\u00f8tt, men de skal ikke ha fuglebein. Gi ikke kj\u00f8tt alene, men bland det med andre matvarer.<br \/><strong>Fisk<\/strong><br \/>Alle former for fisk, men ikke fiskeben.<br \/><strong>Egg<\/strong><br \/>Ikke r\u00e5 eggehvite.<br \/>Frukt og gr\u00f8nnsaker<br \/>En r\u00e5 gulrot er godt for \u00e5 holde tennene rene. K\u00e5l kan gi luft i magen.<br \/><strong>Ben<\/strong><br \/>Alle typer, men ikke ben av gris. De kan splintres opp og sette seg fast.<br \/><strong>T\u00f8rrfor<\/strong><br \/>Alle typer t\u00f8rrfor. H\u00f8r med din oppdretter hva denne har brukt. Eller pr\u00f8v deg frem med fortyper til du finner ett for din hund trives med.<\/p>\r\n\r\n\r\n\r\n<p>&nbsp;<\/p>\r\n\r\n\r\n\r\n<p>&nbsp;<\/p>\r\n","protected":false},"excerpt":{"rendered":"<p>Noen r\u00e5d og tips om rasen Pomeranian Vasking:Til \u00e5 vaske hunden skal du bruke en god shampo. En<\/p>\n","protected":false},"author":1,"featured_media":0,"parent":0,"menu_order":0,"comment_status":"closed","ping_status":"closed","template":"","meta":{"_coblocks_attr":"","_coblocks_dimensions":"","_coblocks_responsive_height":"","_coblocks_accordion_ie_support":"","footnotes":""},"class_list":["post-14","page","type-page","status-publish","hentry"],"_links":{"self":[{"href":"https:\/\/englehunden.com\/pommene\/wp-json\/wp\/v2\/pages\/14","targetHints":{"allow":["GET"]}}],"collection":[{"href":"https:\/\/englehunden.com\/pommene\/wp-json\/wp\/v2\/pages"}],"about":[{"href":"https:\/\/englehunden.com\/pommene\/wp-json\/wp\/v2\/types\/page"}],"author":[{"embeddable":true,"href":"https:\/\/englehunden.com\/pommene\/wp-json\/wp\/v2\/users\/1"}],"replies":[{"embeddable":true,"href":"https:\/\/englehunden.com\/pommene\/wp-json\/wp\/v2\/comments?post=14"}],"version-history":[{"count":4,"href":"https:\/\/englehunden.com\/pommene\/wp-json\/wp\/v2\/pages\/14\/revisions"}],"predecessor-version":[{"id":58,"href":"https:\/\/englehunden.com\/pommene\/wp-json\/wp\/v2\/pages\/14\/revisions\/58"}],"wp:attachment":[{"href":"https:\/\/englehunden.com\/pommene\/wp-json\/wp\/v2\/media?parent=14"}],"curies":[{"name":"wp","href":"https:\/\/api.w.org\/{rel}","templated":true}]}}